{"id":6794,"date":"2026-02-19T12:00:33","date_gmt":"2026-02-19T12:00:33","guid":{"rendered":"https:\/\/nextsolns.com\/?page_id=6794"},"modified":"2026-03-01T20:02:07","modified_gmt":"2026-03-01T20:02:07","slug":"sauti-global","status":"publish","type":"page","link":"https:\/\/dr-joseph-wasswa.com\/index.php\/sauti-global\/","title":{"rendered":"Sauti Global"},"content":{"rendered":"\t\t<div data-elementor-type=\"wp-page\" data-elementor-id=\"6794\" class=\"elementor elementor-6794\" data-elementor-post-type=\"page\">\n\t\t\t\t<div class=\"elementor-element elementor-element-9635829 e-flex e-con-boxed e-con e-parent\" data-id=\"9635829\" data-element_type=\"container\" data-e-type=\"container\">\n\t\t\t\t\t<div class=\"e-con-inner\">\n\t\t\t\t<div class=\"elementor-element elementor-element-bb5161c elementor-widget elementor-widget-html\" data-id=\"bb5161c\" data-element_type=\"widget\" data-e-type=\"widget\" data-widget_type=\"html.default\">\n\t\t\t\t\t<style>\r\n\r\n\/* -------------------------------\r\n   PROFESSIONAL ANIMATIONS\r\n-------------------------------- *\/\r\n\r\n\/* Smooth reveal animation *\/\r\n@keyframes fadeUp {\r\n    from {\r\n        opacity: 0;\r\n        transform: translateY(40px);\r\n    }\r\n    to {\r\n        opacity: 1;\r\n        transform: translateY(0);\r\n    }\r\n}\r\n\r\n\/* Section title animation *\/\r\n.section-title {\r\n    opacity: 0;\r\n    animation: fadeUp 0.8s ease forwards;\r\n   text-align: center;\r\n}\r\n.section-title img{\r\n    \r\n    width:25%;\r\n}\r\n\/* Cards initial state *\/\r\n.how-card {\r\n    opacity: 0;\r\n    transform: translateY(40px);\r\n    animation: fadeUp 0.8s ease forwards;\r\n}\r\n\r\n\/* Staggered animation delay *\/\r\n.how-card:nth-child(1) { animation-delay: 0.2s; }\r\n.how-card:nth-child(2) { animation-delay: 0.35s; }\r\n.how-card:nth-child(3) { animation-delay: 0.5s; }\r\n.how-card:nth-child(4) { animation-delay: 0.65s; }\r\n.how-card:nth-child(5) { animation-delay: 0.8s; }\r\n\r\n\/* Card hover effect *\/\r\n.how-card {\r\n    transition: all 0.35s ease;\r\n}\r\n\r\n.how-card:hover {\r\n    transform: translateY(-8px);\r\n    box-shadow: 0 15px 35px rgba(50, 74, 109, 0.15);\r\n}\r\n\r\n\/* Icon micro interaction *\/\r\n.how-card img {\r\n    transition: transform 0.4s ease;\r\n}\r\n\r\n.how-card:hover img {\r\n    transform: scale(1.08);\r\n}\r\n\r\n\/* Button animation *\/\r\n.how-cta .btn {\r\n    transition: all 0.3s ease;\r\n}\r\n\r\n.how-cta .btn:hover {\r\n    background: #e96d00;\r\n    transform: translateY(-3px);\r\n    box-shadow: 0 8px 20px rgba(0,0,0,0.15);\r\n}\r\n\r\n   .how-it-works {\r\n    \r\n    padding: 5% 5%;\r\n}\r\n.section-title p{\r\n    \r\n    color: #ff7a00;\r\n}\r\n.how-grid {\r\n    max-width: 1200px;\r\n    margin-top: 5px auto 0;\r\n    display: grid;\r\n    grid-template-columns: repeat(auto-fit, minmax(280px, 1fr));\r\n    gap: 30px;\r\n}\r\n\r\n.how-card {\r\n    background:linear-gradient(to right, #eef3f9, #e3edf7);\r\n    padding: 30px 25px;\r\n    text-align: center;\r\n    border-radius: 15px;\r\n}\r\n\r\n.how-card.wide {\r\n    grid-column: span 1;\r\n   \r\n}\r\n\r\n.how-card img {\r\n    width: 60px;\r\n    padding-bottom: 25%;\r\n}\r\n\r\n.how-card h3,\r\n.how-it-works p {\r\n    color: #324A6D;\r\n    font-size: 18px;\r\n    margin-bottom: 15px;\r\n    font-family:'Roboto Condensed';\r\n}\r\n\r\n\r\n\r\n.how-it-works h2{\r\n    color: #324A6D;\r\n    font-size: 24px;\r\n    margin-bottom: 15px;\r\n    font-family:'Roboto Condensed';\r\n}\r\n\r\n\r\n\r\n.how-card p,\r\n.how-card li {\r\n    font-size: 16px;\r\n    line-height: 1.6;\r\n   color: #324A6D;\r\n     font-family:'Roboto Condensed';\r\n     font-weight:300;\r\n     padding-top:15px;\r\n}\r\n\r\n.how-card ul {\r\n    list-style: none;\r\n    padding: 0;\r\n    margin: 0;\r\n}\r\n\r\n.how-cta {\r\n    text-align: center;\r\n    margin-top: 50px;\r\n}\r\n\r\n.how-cta .btn {\r\n    display: inline-block;\r\n    padding: 14px 30px;\r\n    background: #ff7a00;\r\n    color: #fff;\r\n    text-decoration: none;\r\n    font-weight: 600;\r\n     font-family:'Roboto Condensed';\r\n} \r\n    \r\n .how-card h2{\r\n    color:#ff7a00; \r\n }   \r\n    \r\n<\/style>\r\n\r\n\r\n\r\n<!-- INTERKULTURELLE KOMPETENZ -->\r\n<section class=\"block how-it-works\">\r\n\r\n    <div class=\"section-title\">\r\n        <img decoding=\"async\" src=\"https:\/\/dr-joseph-wasswa.com\/wp-content\/uploads\/2026\/03\/saxophone.png\" alt=\"\">\r\n    \r\n    <\/div>\r\n\r\n    <div class=\"how-grid\">\r\n\r\n        <!-- INTRO -->\r\n        <div class=\"how-card wide\">\r\n            \r\n          <p>\r\nDie Sauti Global Music Academy (SGMA) ist eine im Januar 2026 in Regensburg gegr\u00fcndete virtuelle Online-Musikschule mit internationaler Ausrichtung und Sitz in der\r\nPaarstra\u00dfe 46, 93059 Regensburg. Der Name \u201eSauti\u201c stammt aus dem Swahili und bedeutet\r\nStimme, Klang oder Ton. Er steht sinnbildlich f\u00fcr universelle Verst\u00e4ndigung, musikalischen\r\nAusdruck und die Vielfalt kultureller Identit\u00e4ten weltweit.\r\n            <\/p>\r\n            <p>\r\n               Die Vision der Akademie ist eine Welt, in der Musikunterricht kein Privileg weniger bleibt,\r\nsondern ein Recht f\u00fcr alle Menschen ist \u2013 unabh\u00e4ngig von Einkommen, Herkunft, Geschlecht\r\noder Wohnort. Musik wird dabei als universelle Sprache verstanden, die Kontinente,\r\nGenerationen und soziale Gruppen verbindet. Ein zentrales Anliegen der SGMA ist die\r\nGleichwertigkeit europ\u00e4ischer und afrikanischer Musikkulturen. Klassische europ\u00e4ische\r\nTraditionen wie Klavier, Geige oder Gitarre begegnen afrikanischen Rhythmen, Instrumenten\r\nund Gesangstechniken wie Djembe, Kalimba, Mbira oder Kora auf Augenh\u00f6he. Musik wird\r\nso zu einem wirkungsvollen Instrument f\u00fcr kulturellen Austausch, Bildungsgerechtigkeit,\r\nsoziale Teilhabe, Integration und globale Verst\u00e4ndigung.\r\n            <\/p>\r\n            <p>\r\n              Die Mission der Sauti Global Music Academy ist es, p\u00e4dagogische Qualit\u00e4t mit moderner\r\nTechnologie zu verbinden. Die Plattform bietet professionell produzierte Lernvideos,\r\ninteraktive Noten und Play-Alongs, Community-Feedback und Dozenten-Reviews,\r\nmehrsprachige Inhalte in Deutsch und Englisch sowie flexible Lernmodelle. Ziel ist eine\r\ninnovative, digitale und interkulturelle Lernumgebung, die Musik verst\u00e4ndlich, motivierend\r\nund bezahlbar macht.\r\n            <\/p>\r\n            \r\n             <p>\r\nEin besonderes Alleinstellungsmerkmal der Akademie ist der dialogische Ansatz zwischen\r\nEuropa und Afrika. Das Unterrichtskonzept setzt auf ganzheitliches Lernen, das Technik,\r\nRhythmus, Geh\u00f6rbildung und Improvisation gleicherma\u00dfen umfasst. Interaktive Tools wie\r\nLoop-Funktionen, Tempo-Kontrolle oder visuelle Griffbilder unterst\u00fctzen individuelles \u00dcben.\r\nGleichzeitig verfolgt die SGMA einen klaren sozialen Auftrag mit Familienabonnements,\r\nSolidarit\u00e4tsmodellen und Kooperationen mit NGOs.\r\n            <\/p>\r\n             <p>\r\nEin besonderes Alleinstellungsmerkmal der Akademie ist der dialogische Ansatz zwischen\r\nEuropa und Afrika. Das Unterrichtskonzept setzt auf ganzheitliches Lernen, das Technik,\r\nRhythmus, Geh\u00f6rbildung und Improvisation gleicherma\u00dfen umfasst. Interaktive Tools wie\r\nLoop-Funktionen, Tempo-Kontrolle oder visuelle Griffbilder unterst\u00fctzen individuelles \u00dcben.\r\nGleichzeitig verfolgt die SGMA einen klaren sozialen Auftrag mit Familienabonnements,\r\nSolidarit\u00e4tsmodellen und Kooperationen mit NGOs.\r\n            <\/p>\r\n            \r\n        <\/div>\r\n    <\/div>\r\n\r\n    \r\n\r\n<\/section>\t\t\t\t<\/div>\n\t\t\t\t\t<\/div>\n\t\t\t\t<\/div>\n\t\t<div class=\"elementor-element elementor-element-b530958 e-flex e-con-boxed e-con e-parent\" data-id=\"b530958\" data-element_type=\"container\" data-e-type=\"container\">\n\t\t\t\t\t<div class=\"e-con-inner\">\n\t\t\t\t<div class=\"elementor-element elementor-element-0a09ea3 elementor-widget elementor-widget-spacer\" data-id=\"0a09ea3\" data-element_type=\"widget\" data-e-type=\"widget\" data-widget_type=\"spacer.default\">\n\t\t\t\t\t\t\t<div class=\"elementor-spacer\">\n\t\t\t<div class=\"elementor-spacer-inner\"><\/div>\n\t\t<\/div>\n\t\t\t\t\t\t<\/div>\n\t\t\t\t\t<\/div>\n\t\t\t\t<\/div>\n\t\t\t\t<\/div>\n\t\t","protected":false},"excerpt":{"rendered":"<p>Die Sauti Global Music Academy (SGMA) ist eine im Januar 2026 in Regensburg gegr\u00fcndete virtuelle Online-Musikschule mit internationaler Ausrichtung und Sitz in der Paarstra\u00dfe 46, 93059 Regensburg. Der Name \u201eSauti\u201c stammt aus dem Swahili und bedeutet Stimme, Klang oder Ton. Er steht sinnbildlich f\u00fcr universelle Verst\u00e4ndigung, musikalischen Ausdruck und die Vielfalt kultureller Identit\u00e4ten weltweit. Die [&hellip;]<\/p>\n","protected":false},"author":1,"featured_media":0,"parent":0,"menu_order":0,"comment_status":"closed","ping_status":"closed","template":"","meta":{"footnotes":""},"class_list":["post-6794","page","type-page","status-publish","hentry"],"_links":{"self":[{"href":"https:\/\/dr-joseph-wasswa.com\/index.php\/wp-json\/wp\/v2\/pages\/6794","targetHints":{"allow":["GET"]}}],"collection":[{"href":"https:\/\/dr-joseph-wasswa.com\/index.php\/wp-json\/wp\/v2\/pages"}],"about":[{"href":"https:\/\/dr-joseph-wasswa.com\/index.php\/wp-json\/wp\/v2\/types\/page"}],"author":[{"embeddable":true,"href":"https:\/\/dr-joseph-wasswa.com\/index.php\/wp-json\/wp\/v2\/users\/1"}],"replies":[{"embeddable":true,"href":"https:\/\/dr-joseph-wasswa.com\/index.php\/wp-json\/wp\/v2\/comments?post=6794"}],"version-history":[{"count":33,"href":"https:\/\/dr-joseph-wasswa.com\/index.php\/wp-json\/wp\/v2\/pages\/6794\/revisions"}],"predecessor-version":[{"id":7627,"href":"https:\/\/dr-joseph-wasswa.com\/index.php\/wp-json\/wp\/v2\/pages\/6794\/revisions\/7627"}],"wp:attachment":[{"href":"https:\/\/dr-joseph-wasswa.com\/index.php\/wp-json\/wp\/v2\/media?parent=6794"}],"curies":[{"name":"wp","href":"https:\/\/api.w.org\/{rel}","templated":true}]}}