{"id":6103,"date":"2026-02-17T16:50:04","date_gmt":"2026-02-17T16:50:04","guid":{"rendered":"https:\/\/nextsolns.com\/?page_id=6103"},"modified":"2026-02-17T16:51:56","modified_gmt":"2026-02-17T16:51:56","slug":"motivationscoach-speaker","status":"publish","type":"page","link":"https:\/\/dr-joseph-wasswa.com\/index.php\/motivationscoach-speaker\/","title":{"rendered":"Motivationscoach &amp; Speaker"},"content":{"rendered":"\t\t<div data-elementor-type=\"wp-page\" data-elementor-id=\"6103\" class=\"elementor elementor-6103\" data-elementor-post-type=\"page\">\n\t\t\t\t<div class=\"elementor-element elementor-element-e8f2fad e-flex e-con-boxed e-con e-parent\" data-id=\"e8f2fad\" data-element_type=\"container\" data-e-type=\"container\">\n\t\t\t\t\t<div class=\"e-con-inner\">\n\t\t\t\t<div class=\"elementor-element elementor-element-a1e672b elementor-widget elementor-widget-html\" data-id=\"a1e672b\" data-element_type=\"widget\" data-e-type=\"widget\" data-widget_type=\"html.default\">\n\t\t\t\t\t<style>\r\n\r\n\/* -------------------------------\r\n   PROFESSIONAL ANIMATIONS\r\n-------------------------------- *\/\r\n\r\n\/* Smooth reveal animation *\/\r\n@keyframes fadeUp {\r\n    from {\r\n        opacity: 0;\r\n        transform: translateY(40px);\r\n    }\r\n    to {\r\n        opacity: 1;\r\n        transform: translateY(0);\r\n    }\r\n}\r\n\r\n\/* Section title animation *\/\r\n.section-title {\r\n    opacity: 0;\r\n    animation: fadeUp 0.8s ease forwards;\r\n   text-align: center;\r\n}\r\n.section-title img{\r\n    \r\n    width:25%;\r\n}\r\n\/* Cards initial state *\/\r\n.how-card {\r\n    opacity: 0;\r\n    transform: translateY(40px);\r\n    animation: fadeUp 0.8s ease forwards;\r\n}\r\n\r\n\/* Staggered animation delay *\/\r\n.how-card:nth-child(1) { animation-delay: 0.2s; }\r\n.how-card:nth-child(2) { animation-delay: 0.35s; }\r\n.how-card:nth-child(3) { animation-delay: 0.5s; }\r\n.how-card:nth-child(4) { animation-delay: 0.65s; }\r\n.how-card:nth-child(5) { animation-delay: 0.8s; }\r\n\r\n\/* Card hover effect *\/\r\n.how-card {\r\n    transition: all 0.35s ease;\r\n}\r\n\r\n.how-card:hover {\r\n    transform: translateY(-8px);\r\n    box-shadow: 0 15px 35px rgba(50, 74, 109, 0.15);\r\n}\r\n\r\n\/* Icon micro interaction *\/\r\n.how-card img {\r\n    transition: transform 0.4s ease;\r\n}\r\n\r\n.how-card:hover img {\r\n    transform: scale(1.08);\r\n}\r\n\r\n\/* Button animation *\/\r\n.how-cta .btn {\r\n    transition: all 0.3s ease;\r\n}\r\n\r\n.how-cta .btn:hover {\r\n    background: #e96d00;\r\n    transform: translateY(-3px);\r\n    box-shadow: 0 8px 20px rgba(0,0,0,0.15);\r\n}\r\n\r\n   .how-it-works {\r\n    \r\n    padding: 5% 5%;\r\n}\r\n.section-title p{\r\n    \r\n    color: #ff7a00;\r\n}\r\n.how-grid {\r\n    max-width: 1200px;\r\n    margin-top: 5px auto 0;\r\n    display: grid;\r\n    grid-template-columns: repeat(auto-fit, minmax(280px, 1fr));\r\n    gap: 30px;\r\n}\r\n\r\n.how-card {\r\n    background:linear-gradient(to right, #eef3f9, #e3edf7);\r\n    padding: 30px 25px;\r\n    text-align: center;\r\n    border-radius: 15px;\r\n}\r\n\r\n.how-card.wide {\r\n    grid-column: span 1;\r\n   \r\n}\r\n\r\n.how-card img {\r\n    width: 60px;\r\n    padding-bottom: 25%;\r\n}\r\n\r\n.how-card h3,\r\n.how-it-works p {\r\n    color: #324A6D;\r\n    font-size: 18px;\r\n    margin-bottom: 15px;\r\n    font-family:'Roboto Condensed';\r\n}\r\n\r\n\r\n\r\n.how-it-works h2{\r\n    color: #324A6D;\r\n    font-size: 24px;\r\n    margin-bottom: 15px;\r\n    font-family:'Roboto Condensed';\r\n}\r\n\r\n\r\n\r\n.how-card p,\r\n.how-card li {\r\n    font-size: 16px;\r\n    line-height: 1.6;\r\n   color: #324A6D;\r\n     font-family:'Roboto Condensed';\r\n     font-weight:300;\r\n}\r\n\r\n.how-card ul {\r\n    list-style: none;\r\n    padding: 0;\r\n    margin: 0;\r\n}\r\n\r\n.how-cta {\r\n    text-align: center;\r\n    margin-top: 50px;\r\n}\r\n\r\n.how-cta .btn {\r\n    display: inline-block;\r\n    padding: 14px 30px;\r\n    background: #ff7a00;\r\n    color: #fff;\r\n    text-decoration: none;\r\n    font-weight: 600;\r\n     font-family:'Roboto Condensed';\r\n} \r\n    \r\n .how-card h2{\r\n    color:#ff7a00; \r\n }   \r\n    \r\n<\/style>\r\n\r\n\r\n<section class=\"block how-it-works\">\r\n\r\n    <div class=\"section-title\">\r\n        <h2>Motivationscoach & Speaker<\/h2>\r\n        <p>Begeisterung, die bewegt. Klarheit, die tr\u00e4gt.<\/p><br>\r\n    <\/div>\r\n\r\n    <div class=\"how-grid\">\r\n\r\n        <div class=\"how-card wide\">\r\n            <p>\r\n                Motivation ist ansteckend \u2013 wenn sie echt ist.\r\n                Dr. Joseph Wasswa begeistert Menschen nicht durch Parolen,\r\n                sondern durch Haltung, Lebenserfahrung und Pr\u00e4senz.\r\n            <\/p>\r\n\r\n            <p>\r\n                Seine Vortr\u00e4ge und Coachings zeigen das Leben, wie es ist:\r\n                herausfordernd, widerspr\u00fcchlich \u2013 und voller M\u00f6glichkeiten.\r\n                Gerade Menschen zwischen kulturellen Welten verlieren oft ihren inneren Kompass.\r\n            <\/p>\r\n\r\n            <p>\r\n                Seine zentrale Botschaft:\r\n                <strong>Es gibt keinen Grund, warum Menschen grunds\u00e4tzlich ungl\u00fccklich sein m\u00fcssten.\r\n                Das Leben ist sch\u00f6n \u2013 so, wie es ist.<\/strong>\r\n            <\/p>\r\n        <\/div>\r\n\r\n        <div class=\"how-card\">\r\n            <h3>Zielgruppen<\/h3>\r\n            <ul>\r\n                <li>Menschen in Umbruchs- und Entscheidungsphasen<\/li>\r\n                <li>Junge Menschen auf Sinn- und Orientierungssuche<\/li>\r\n                <li>Organisationen, Bildungseinrichtungen & Communities<\/li>\r\n                <li>Teams & F\u00fchrungskr\u00e4fte<\/li>\r\n                <li>Menschen mit und ohne Migrationserfahrung<\/li>\r\n            <\/ul>\r\n        <\/div>\r\n\r\n        <div class=\"how-card\">\r\n            <h3>Themen & Schwerpunkte<\/h3>\r\n            <ul>\r\n                <li>Motivation & Lebensfreude<\/li>\r\n                <li>Identit\u00e4t, Zugeh\u00f6rigkeit & Selbstvertrauen<\/li>\r\n                <li>Stress, Leistungsdruck & Verantwortung<\/li>\r\n                <li>Integration & kulturelle Vielfalt<\/li>\r\n                <li>Entscheidungen treffen & wachsen<\/li>\r\n            <\/ul>\r\n        <\/div>\r\n\r\n    <\/div>\r\n\r\n    \r\n\r\n<\/section>\t\t\t\t<\/div>\n\t\t\t\t\t<\/div>\n\t\t\t\t<\/div>\n\t\t\t\t<\/div>\n\t\t","protected":false},"excerpt":{"rendered":"<p>Motivationscoach &#038; Speaker Begeisterung, die bewegt. Klarheit, die tr\u00e4gt. Motivation ist ansteckend \u2013 wenn sie echt ist. Dr. Joseph Wasswa begeistert Menschen nicht durch Parolen, sondern durch Haltung, Lebenserfahrung und Pr\u00e4senz. Seine Vortr\u00e4ge und Coachings zeigen das Leben, wie es ist: herausfordernd, widerspr\u00fcchlich \u2013 und voller M\u00f6glichkeiten. Gerade Menschen zwischen kulturellen Welten verlieren oft ihren [&hellip;]<\/p>\n","protected":false},"author":1,"featured_media":0,"parent":0,"menu_order":0,"comment_status":"closed","ping_status":"closed","template":"","meta":{"footnotes":""},"class_list":["post-6103","page","type-page","status-publish","hentry"],"_links":{"self":[{"href":"https:\/\/dr-joseph-wasswa.com\/index.php\/wp-json\/wp\/v2\/pages\/6103","targetHints":{"allow":["GET"]}}],"collection":[{"href":"https:\/\/dr-joseph-wasswa.com\/index.php\/wp-json\/wp\/v2\/pages"}],"about":[{"href":"https:\/\/dr-joseph-wasswa.com\/index.php\/wp-json\/wp\/v2\/types\/page"}],"author":[{"embeddable":true,"href":"https:\/\/dr-joseph-wasswa.com\/index.php\/wp-json\/wp\/v2\/users\/1"}],"replies":[{"embeddable":true,"href":"https:\/\/dr-joseph-wasswa.com\/index.php\/wp-json\/wp\/v2\/comments?post=6103"}],"version-history":[{"count":0,"href":"https:\/\/dr-joseph-wasswa.com\/index.php\/wp-json\/wp\/v2\/pages\/6103\/revisions"}],"wp:attachment":[{"href":"https:\/\/dr-joseph-wasswa.com\/index.php\/wp-json\/wp\/v2\/media?parent=6103"}],"curies":[{"name":"wp","href":"https:\/\/api.w.org\/{rel}","templated":true}]}}