{"id":5946,"date":"2026-02-17T15:38:58","date_gmt":"2026-02-17T15:38:58","guid":{"rendered":"https:\/\/nextsolns.com\/?page_id=5946"},"modified":"2026-02-17T16:07:56","modified_gmt":"2026-02-17T16:07:56","slug":"fmk-uganda-e-v","status":"publish","type":"page","link":"https:\/\/dr-joseph-wasswa.com\/index.php\/fmk-uganda-e-v\/","title":{"rendered":"FMK Uganda e.V."},"content":{"rendered":"\t\t<div data-elementor-type=\"wp-page\" data-elementor-id=\"5946\" class=\"elementor elementor-5946\" data-elementor-post-type=\"page\">\n\t\t\t\t<div class=\"elementor-element elementor-element-41f917e e-flex e-con-boxed e-con e-parent\" data-id=\"41f917e\" data-element_type=\"container\" data-e-type=\"container\">\n\t\t\t\t\t<div class=\"e-con-inner\">\n\t\t\t\t<div class=\"elementor-element elementor-element-20e29e8 elementor-widget elementor-widget-html\" data-id=\"20e29e8\" data-element_type=\"widget\" data-e-type=\"widget\" data-widget_type=\"html.default\">\n\t\t\t\t\t<style>\r\n\r\n\/* -------------------------------\r\n   PROFESSIONAL ANIMATIONS\r\n-------------------------------- *\/\r\n\r\n\/* Smooth reveal animation *\/\r\n@keyframes fadeUp {\r\n    from {\r\n        opacity: 0;\r\n        transform: translateY(40px);\r\n    }\r\n    to {\r\n        opacity: 1;\r\n        transform: translateY(0);\r\n    }\r\n}\r\n\r\n\/* Section title animation *\/\r\n.section-title {\r\n    opacity: 0;\r\n    animation: fadeUp 0.8s ease forwards;\r\n   text-align: center;\r\n}\r\n.section-title img{\r\n    \r\n    width:25%;\r\n}\r\n\/* Cards initial state *\/\r\n.how-card {\r\n    opacity: 0;\r\n    transform: translateY(40px);\r\n    animation: fadeUp 0.8s ease forwards;\r\n}\r\n\r\n\/* Staggered animation delay *\/\r\n.how-card:nth-child(1) { animation-delay: 0.2s; }\r\n.how-card:nth-child(2) { animation-delay: 0.35s; }\r\n.how-card:nth-child(3) { animation-delay: 0.5s; }\r\n.how-card:nth-child(4) { animation-delay: 0.65s; }\r\n.how-card:nth-child(5) { animation-delay: 0.8s; }\r\n\r\n\/* Card hover effect *\/\r\n.how-card {\r\n    transition: all 0.35s ease;\r\n}\r\n\r\n.how-card:hover {\r\n    transform: translateY(-8px);\r\n    box-shadow: 0 15px 35px rgba(50, 74, 109, 0.15);\r\n}\r\n\r\n\/* Icon micro interaction *\/\r\n.how-card img {\r\n    transition: transform 0.4s ease;\r\n}\r\n\r\n.how-card:hover img {\r\n    transform: scale(1.08);\r\n}\r\n\r\n\/* Button animation *\/\r\n.how-cta .btn {\r\n    transition: all 0.3s ease;\r\n}\r\n\r\n.how-cta .btn:hover {\r\n    background: #e96d00;\r\n    transform: translateY(-3px);\r\n    box-shadow: 0 8px 20px rgba(0,0,0,0.15);\r\n}\r\n\r\n   .how-it-works {\r\n    \r\n    padding: 5% 5%;\r\n}\r\n.section-title p{\r\n    \r\n    color: #ff7a00;\r\n}\r\n.how-grid {\r\n    max-width: 1200px;\r\n    margin-top: 5px auto 0;\r\n    display: grid;\r\n    grid-template-columns: repeat(auto-fit, minmax(280px, 1fr));\r\n    gap: 30px;\r\n}\r\n\r\n.how-card {\r\n    background:linear-gradient(to right, #eef3f9, #e3edf7);\r\n    padding: 30px 25px;\r\n    text-align: center;\r\n    border-radius: 15px;\r\n}\r\n\r\n.how-card.wide {\r\n    grid-column: span 1;\r\n   \r\n}\r\n\r\n.how-card img {\r\n    width: 60px;\r\n    padding-bottom: 25%;\r\n}\r\n\r\n.how-card h3,\r\n.how-it-works p {\r\n    color: #324A6D;\r\n    font-size: 18px;\r\n    margin-bottom: 15px;\r\n    font-family:'Roboto Condensed';\r\n}\r\n\r\n\r\n\r\n.how-it-works h2{\r\n    color: #324A6D;\r\n    font-size: 24px;\r\n    margin-bottom: 15px;\r\n    font-family:'Roboto Condensed';\r\n}\r\n\r\n\r\n\r\n.how-card p,\r\n.how-card li {\r\n    font-size: 16px;\r\n    line-height: 1.6;\r\n   color: #324A6D;\r\n     font-family:'Roboto Condensed';\r\n     font-weight:300;\r\n}\r\n\r\n.how-card ul {\r\n    list-style: none;\r\n    padding: 0;\r\n    margin: 0;\r\n}\r\n\r\n.how-cta {\r\n    text-align: center;\r\n    margin-top: 50px;\r\n}\r\n\r\n.how-cta .btn {\r\n    display: inline-block;\r\n    padding: 14px 30px;\r\n    background: #ff7a00;\r\n    color: #fff;\r\n    text-decoration: none;\r\n    font-weight: 600;\r\n     font-family:'Roboto Condensed';\r\n} \r\n    \r\n .how-card h2{\r\n    color:#ff7a00; \r\n }   \r\n    \r\n<\/style>\r\n\r\n\r\n\r\n<!-- INTERKULTURELLE KOMPETENZ -->\r\n<section class=\"block how-it-works\">\r\n\r\n    <div class=\"section-title\">\r\n        <img decoding=\"async\" src=\"https:\/\/nextsolns.com\/wp-content\/uploads\/2026\/02\/fmk.gif\" alt=\"\">\r\n        <h2>\r\n           F\u00f6rderverein f\u00fcr Musik und Kultur Uganda e. V. (FMK Uganda e.V.)<\/h2>\r\n        <p>Kultur f\u00f6rdert Verst\u00e4ndigung \u2013 Musik schafft Zukunft<\/p>\r\n    <\/div>\r\n\r\n    <div class=\"how-grid\">\r\n\r\n        <!-- INTRO -->\r\n        <div class=\"how-card wide\">\r\n            \r\n           <p>\r\n                Der F\u00f6rderverein f\u00fcr Musik und Kultur Uganda e. V. (FMK Uganda) mit Sitz in Regensburg unterst\u00fctzt seit Jahren musik- und kulturf\u00f6rdernde Projekte in Uganda \u2013 insbesondere die IMLS \u2013 sowohl ideell als auch finanziell.\r\n            <\/p>\r\n            <p>\r\n                Der Verein organisiert Benefizkonzerte, Austauschprogramme, Musik- und Kulturworkshops sowie Unterst\u00fctzungsaktionen, um kulturellen Austausch und interkulturelle Verst\u00e4ndigung zu f\u00f6rdern.\r\n            <\/p>\r\n            <p>\r\n                Durch Projekte wie die euro-afrikanische Konzertreihe Himbisa Mukama, Konzertreisen und vielf\u00e4ltige Spendenaktionen bringt der Verein Menschen und Kulturen zusammen und schafft nachhaltige Kommunikations- und Bildungsr\u00e4ume.\r\n            <\/p>\r\n            <p>\r\n                Dr. Joseph Wasswa war \u00fcber Jahre Vorsitzender und langj\u00e4hriger Aufbau-Akteur des FMK Uganda e. V.\r\n            <\/p>\r\n            <p>\r\n                F\u00fcr sein au\u00dferordentliches Engagement und seine mit viel Herzblut geleistete Aufbauarbeit erhielt er im Rahmen der Mitgliederversammlung eine Ehrenurkunde und Nadel als Anerkennung f\u00fcr seine langj\u00e4hrige T\u00e4tigkeit.\r\n            <\/p>\r\n        <\/div>\r\n    <\/div>\r\n\r\n    \r\n\r\n<\/section>\t\t\t\t<\/div>\n\t\t\t\t\t<\/div>\n\t\t\t\t<\/div>\n\t\t\t\t<\/div>\n\t\t","protected":false},"excerpt":{"rendered":"<p>F\u00f6rderverein f\u00fcr Musik und Kultur Uganda e. V. (FMK Uganda e.V.) Kultur f\u00f6rdert Verst\u00e4ndigung \u2013 Musik schafft Zukunft Der F\u00f6rderverein f\u00fcr Musik und Kultur Uganda e. V. (FMK Uganda) mit Sitz in Regensburg unterst\u00fctzt seit Jahren musik- und kulturf\u00f6rdernde Projekte in Uganda \u2013 insbesondere die IMLS \u2013 sowohl ideell als auch finanziell. Der Verein organisiert [&hellip;]<\/p>\n","protected":false},"author":1,"featured_media":0,"parent":0,"menu_order":0,"comment_status":"closed","ping_status":"closed","template":"","meta":{"footnotes":""},"class_list":["post-5946","page","type-page","status-publish","hentry"],"_links":{"self":[{"href":"https:\/\/dr-joseph-wasswa.com\/index.php\/wp-json\/wp\/v2\/pages\/5946","targetHints":{"allow":["GET"]}}],"collection":[{"href":"https:\/\/dr-joseph-wasswa.com\/index.php\/wp-json\/wp\/v2\/pages"}],"about":[{"href":"https:\/\/dr-joseph-wasswa.com\/index.php\/wp-json\/wp\/v2\/types\/page"}],"author":[{"embeddable":true,"href":"https:\/\/dr-joseph-wasswa.com\/index.php\/wp-json\/wp\/v2\/users\/1"}],"replies":[{"embeddable":true,"href":"https:\/\/dr-joseph-wasswa.com\/index.php\/wp-json\/wp\/v2\/comments?post=5946"}],"version-history":[{"count":0,"href":"https:\/\/dr-joseph-wasswa.com\/index.php\/wp-json\/wp\/v2\/pages\/5946\/revisions"}],"wp:attachment":[{"href":"https:\/\/dr-joseph-wasswa.com\/index.php\/wp-json\/wp\/v2\/media?parent=5946"}],"curies":[{"name":"wp","href":"https:\/\/api.w.org\/{rel}","templated":true}]}}