{"id":5897,"date":"2026-02-17T15:23:20","date_gmt":"2026-02-17T15:23:20","guid":{"rendered":"https:\/\/nextsolns.com\/?page_id=5897"},"modified":"2026-02-17T15:57:54","modified_gmt":"2026-02-17T15:57:54","slug":"imls","status":"publish","type":"page","link":"https:\/\/dr-joseph-wasswa.com\/index.php\/imls\/","title":{"rendered":"IMLS"},"content":{"rendered":"\t\t<div data-elementor-type=\"wp-page\" data-elementor-id=\"5897\" class=\"elementor elementor-5897\" data-elementor-post-type=\"page\">\n\t\t\t\t<div class=\"elementor-element elementor-element-2a92753 e-flex e-con-boxed e-con e-parent\" data-id=\"2a92753\" data-element_type=\"container\" data-e-type=\"container\">\n\t\t\t\t\t<div class=\"e-con-inner\">\n\t\t\t\t<div class=\"elementor-element elementor-element-e848101 elementor-widget elementor-widget-html\" data-id=\"e848101\" data-element_type=\"widget\" data-e-type=\"widget\" data-widget_type=\"html.default\">\n\t\t\t\t\t<style>\r\n\r\n\/* -------------------------------\r\n   PROFESSIONAL ANIMATIONS\r\n-------------------------------- *\/\r\n\r\n\/* Smooth reveal animation *\/\r\n@keyframes fadeUp {\r\n    from {\r\n        opacity: 0;\r\n        transform: translateY(40px);\r\n    }\r\n    to {\r\n        opacity: 1;\r\n        transform: translateY(0);\r\n    }\r\n}\r\n\r\n\/* Section title animation *\/\r\n.section-title {\r\n    opacity: 0;\r\n    animation: fadeUp 0.8s ease forwards;\r\n   text-align: center;\r\n}\r\n.section-title img{\r\n    \r\n    width:25%;\r\n}\r\n\/* Cards initial state *\/\r\n.how-card {\r\n    opacity: 0;\r\n    transform: translateY(40px);\r\n    animation: fadeUp 0.8s ease forwards;\r\n}\r\n\r\n\/* Staggered animation delay *\/\r\n.how-card:nth-child(1) { animation-delay: 0.2s; }\r\n.how-card:nth-child(2) { animation-delay: 0.35s; }\r\n.how-card:nth-child(3) { animation-delay: 0.5s; }\r\n.how-card:nth-child(4) { animation-delay: 0.65s; }\r\n.how-card:nth-child(5) { animation-delay: 0.8s; }\r\n\r\n\/* Card hover effect *\/\r\n.how-card {\r\n    transition: all 0.35s ease;\r\n}\r\n\r\n.how-card:hover {\r\n    transform: translateY(-8px);\r\n    box-shadow: 0 15px 35px rgba(50, 74, 109, 0.15);\r\n}\r\n\r\n\/* Icon micro interaction *\/\r\n.how-card img {\r\n    transition: transform 0.4s ease;\r\n}\r\n\r\n.how-card:hover img {\r\n    transform: scale(1.08);\r\n}\r\n\r\n\/* Button animation *\/\r\n.how-cta .btn {\r\n    transition: all 0.3s ease;\r\n}\r\n\r\n.how-cta .btn:hover {\r\n    background: #e96d00;\r\n    transform: translateY(-3px);\r\n    box-shadow: 0 8px 20px rgba(0,0,0,0.15);\r\n}\r\n\r\n   .how-it-works {\r\n    \r\n    padding: 5% 5%;\r\n}\r\n.section-title p{\r\n    \r\n    color: #ff7a00;\r\n}\r\n.how-grid {\r\n    max-width: 1200px;\r\n    margin-top: 5px auto 0;\r\n    display: grid;\r\n    grid-template-columns: repeat(auto-fit, minmax(280px, 1fr));\r\n    gap: 30px;\r\n}\r\n\r\n.how-card {\r\n    background:linear-gradient(to right, #eef3f9, #e3edf7);\r\n    padding: 30px 25px;\r\n    text-align: center;\r\n    border-radius: 15px;\r\n}\r\n\r\n.how-card.wide {\r\n    grid-column: span 1;\r\n   \r\n}\r\n\r\n.how-card img {\r\n    width: 25%;\r\n}\r\n\r\n.how-card h3,\r\n.how-it-works p {\r\n    color: #324A6D;\r\n    font-size: 18px;\r\n    margin-bottom: 15px;\r\n    font-family:'Roboto Condensed';\r\n}\r\n\r\n\r\n\r\n.how-it-works h2{\r\n    color: #324A6D;\r\n    font-size: 24px;\r\n    margin-bottom: 15px;\r\n    font-family:'Roboto Condensed';\r\n}\r\n\r\n\r\n\r\n.how-card p,\r\n.how-card li {\r\n    font-size: 16px;\r\n    line-height: 1.6;\r\n   color: #324A6D;\r\n     font-family:'Roboto Condensed';\r\n     font-weight:300;\r\n}\r\n\r\n.how-card ul {\r\n    list-style: none;\r\n    padding: 0;\r\n    margin: 0;\r\n}\r\n\r\n.how-cta {\r\n    text-align: center;\r\n    margin-top: 50px;\r\n}\r\n\r\n.how-cta .btn {\r\n    display: inline-block;\r\n    padding: 14px 30px;\r\n    background: #ff7a00;\r\n    color: #fff;\r\n    text-decoration: none;\r\n    font-weight: 600;\r\n     font-family:'Roboto Condensed';\r\n} \r\n    \r\n .how-card h2{\r\n    color:#ff7a00; \r\n }   \r\n    \r\n<\/style>\r\n\r\n\r\n\r\n<!-- INTERKULTURELLE KOMPETENZ -->\r\n<section class=\"block how-it-works\">\r\n\r\n    <div class=\"section-title\">\r\n        <img decoding=\"async\" src=\"https:\/\/nextsolns.com\/wp-content\/uploads\/2026\/02\/imls-logo.png\" alt=\"\" style=\"width:15%; \">\r\n        <h2>\r\n           IMLS \u2013 International School of Music, Languages and Polytechnic Studies (Uganda)<\/h2>\r\n        <p>Education for Human Greatness \u2013 Bildung als Schl\u00fcssel zur Zukunft<\/p>\r\n    <\/div>\r\n\r\n    <div class=\"how-grid\">\r\n\r\n        <!-- INTRO -->\r\n        <div class=\"how-card wide\">\r\n            \r\n          <p>\r\n                Als Gr\u00fcnder der International School of Music, Languages and Polytechnic Studies (IMLS) in Masaka, Uganda, verfolgt Dr. Joseph Wasswa eine klare Vision: jungen Menschen aus benachteiligten Verh\u00e4ltnissen durch praxisnahe Ausbildung in Musik, Sprachen, Wirtschaft und technischen F\u00e4chern Selbstvertrauen, Perspektiven und Zukunftschancen zu er\u00f6ffnen.\r\n            <\/p>\r\n            <p>\r\n                Die IMLS ist mehr als eine Schule \u2013 sie ist ein Ort der Hoffnung und der Begegnung, an dem interkultureller Austausch, Kreativit\u00e4t und berufliche Qualifikation miteinander verschmelzen.\r\n            <\/p>\r\n            <p>\r\n                Das Ausbildungsangebot umfasst neben Musik- und Sprachunterricht auch praktische Ausbildungen in ICT, Business und technischen F\u00e4chern, die junge Menschen bef\u00e4higen, neue Wege zu gehen und aktive Gestalter ihrer Zukunft zu werden.\r\n            <\/p>\r\n            <p>\r\n                Durch Workshops, interkulturelle Austauschprogramme, Partnerschaften und Abschlussfeiern wird die IMLS zu einer lebendigen Plattform f\u00fcr Empowerment, Bildung und gesellschaftliche Teilhabe.\r\n            <\/p>\r\n        <\/div>\r\n    <\/div>\r\n\r\n    \r\n\r\n<\/section>\t\t\t\t<\/div>\n\t\t\t\t\t<\/div>\n\t\t\t\t<\/div>\n\t\t<div class=\"elementor-element elementor-element-73a1aeb e-flex e-con-boxed e-con e-parent\" data-id=\"73a1aeb\" data-element_type=\"container\" data-e-type=\"container\">\n\t\t\t\t\t<div class=\"e-con-inner\">\n\t\t\t\t<div class=\"elementor-element elementor-element-98b3bdb elementor-widget elementor-widget-spacer\" data-id=\"98b3bdb\" data-element_type=\"widget\" data-e-type=\"widget\" data-widget_type=\"spacer.default\">\n\t\t\t\t\t\t\t<div class=\"elementor-spacer\">\n\t\t\t<div class=\"elementor-spacer-inner\"><\/div>\n\t\t<\/div>\n\t\t\t\t\t\t<\/div>\n\t\t\t\t\t<\/div>\n\t\t\t\t<\/div>\n\t\t\t\t<\/div>\n\t\t","protected":false},"excerpt":{"rendered":"<p>IMLS \u2013 International School of Music, Languages and Polytechnic Studies (Uganda) Education for Human Greatness \u2013 Bildung als Schl\u00fcssel zur Zukunft Als Gr\u00fcnder der International School of Music, Languages and Polytechnic Studies (IMLS) in Masaka, Uganda, verfolgt Dr. Joseph Wasswa eine klare Vision: jungen Menschen aus benachteiligten Verh\u00e4ltnissen durch praxisnahe Ausbildung in Musik, Sprachen, Wirtschaft [&hellip;]<\/p>\n","protected":false},"author":1,"featured_media":0,"parent":0,"menu_order":0,"comment_status":"closed","ping_status":"closed","template":"","meta":{"footnotes":""},"class_list":["post-5897","page","type-page","status-publish","hentry"],"_links":{"self":[{"href":"https:\/\/dr-joseph-wasswa.com\/index.php\/wp-json\/wp\/v2\/pages\/5897","targetHints":{"allow":["GET"]}}],"collection":[{"href":"https:\/\/dr-joseph-wasswa.com\/index.php\/wp-json\/wp\/v2\/pages"}],"about":[{"href":"https:\/\/dr-joseph-wasswa.com\/index.php\/wp-json\/wp\/v2\/types\/page"}],"author":[{"embeddable":true,"href":"https:\/\/dr-joseph-wasswa.com\/index.php\/wp-json\/wp\/v2\/users\/1"}],"replies":[{"embeddable":true,"href":"https:\/\/dr-joseph-wasswa.com\/index.php\/wp-json\/wp\/v2\/comments?post=5897"}],"version-history":[{"count":0,"href":"https:\/\/dr-joseph-wasswa.com\/index.php\/wp-json\/wp\/v2\/pages\/5897\/revisions"}],"wp:attachment":[{"href":"https:\/\/dr-joseph-wasswa.com\/index.php\/wp-json\/wp\/v2\/media?parent=5897"}],"curies":[{"name":"wp","href":"https:\/\/api.w.org\/{rel}","templated":true}]}}