{"id":5856,"date":"2026-02-17T15:06:18","date_gmt":"2026-02-17T15:06:18","guid":{"rendered":"https:\/\/nextsolns.com\/?page_id=5856"},"modified":"2026-02-24T09:08:09","modified_gmt":"2026-02-24T09:08:09","slug":"chor-stimmworkshops","status":"publish","type":"page","link":"https:\/\/dr-joseph-wasswa.com\/index.php\/chor-stimmworkshops\/","title":{"rendered":"Chor- &amp; Stimmworkshops"},"content":{"rendered":"\t\t<div data-elementor-type=\"wp-page\" data-elementor-id=\"5856\" class=\"elementor elementor-5856\" data-elementor-post-type=\"page\">\n\t\t\t\t<div class=\"elementor-element elementor-element-d87da06 e-flex e-con-boxed e-con e-parent\" data-id=\"d87da06\" data-element_type=\"container\" data-e-type=\"container\">\n\t\t\t\t\t<div class=\"e-con-inner\">\n\t\t\t\t<div class=\"elementor-element elementor-element-ded9a14 elementor-widget elementor-widget-html\" data-id=\"ded9a14\" data-element_type=\"widget\" data-e-type=\"widget\" data-widget_type=\"html.default\">\n\t\t\t\t\t<style>\r\n\r\n\/* -------------------------------\r\n   PROFESSIONAL ANIMATIONS\r\n-------------------------------- *\/\r\n\r\n\/* Smooth reveal animation *\/\r\n@keyframes fadeUp {\r\n    from {\r\n        opacity: 0;\r\n        transform: translateY(40px);\r\n    }\r\n    to {\r\n        opacity: 1;\r\n        transform: translateY(0);\r\n    }\r\n}\r\n\r\n\/* Section title animation *\/\r\n.section-title {\r\n    opacity: 0;\r\n    animation: fadeUp 0.8s ease forwards;\r\n   text-align: center;\r\n}\r\n.section-title img{\r\n    \r\n    width:25%;\r\n}\r\n\/* Cards initial state *\/\r\n.how-card {\r\n    opacity: 0;\r\n    transform: translateY(40px);\r\n    animation: fadeUp 0.8s ease forwards;\r\n}\r\n\r\n\/* Staggered animation delay *\/\r\n.how-card:nth-child(1) { animation-delay: 0.2s; }\r\n.how-card:nth-child(2) { animation-delay: 0.35s; }\r\n.how-card:nth-child(3) { animation-delay: 0.5s; }\r\n.how-card:nth-child(4) { animation-delay: 0.65s; }\r\n.how-card:nth-child(5) { animation-delay: 0.8s; }\r\n\r\n\/* Card hover effect *\/\r\n.how-card {\r\n    transition: all 0.35s ease;\r\n}\r\n\r\n.how-card:hover {\r\n    transform: translateY(-8px);\r\n    box-shadow: 0 15px 35px rgba(50, 74, 109, 0.15);\r\n}\r\n\r\n\/* Icon micro interaction *\/\r\n.how-card img {\r\n    transition: transform 0.4s ease;\r\n}\r\n\r\n.how-card:hover img {\r\n    transform: scale(1.08);\r\n}\r\n\r\n\/* Button animation *\/\r\n.how-cta .btn {\r\n    transition: all 0.3s ease;\r\n}\r\n\r\n.how-cta .btn:hover {\r\n    background: #e96d00;\r\n    transform: translateY(-3px);\r\n    box-shadow: 0 8px 20px rgba(0,0,0,0.15);\r\n}\r\n\r\n   .how-it-works {\r\n    \r\n    padding: 5% 5%;\r\n}\r\n.section-title p{\r\n    \r\n    color: #ff7a00;\r\n}\r\n.how-grid {\r\n    max-width: 1200px;\r\n    margin-top: 5px auto 0;\r\n    display: grid;\r\n    grid-template-columns: repeat(auto-fit, minmax(280px, 1fr));\r\n    gap: 30px;\r\n}\r\n\r\n.how-card {\r\n    background:linear-gradient(to right, #eef3f9, #e3edf7);\r\n    padding: 30px 25px;\r\n    text-align: center;\r\n    border-radius: 15px;\r\n}\r\n\r\n.how-card.wide {\r\n    grid-column: span 1;\r\n   \r\n}\r\n\r\n.how-card img {\r\n    width: 60px;\r\n}\r\n\r\n.how-card h3,\r\n.how-it-works p {\r\n    color: #324A6D;\r\n    font-size: 18px;\r\n    margin-bottom: 15px;\r\n    font-family:'Roboto Condensed';\r\n}\r\n\r\n\r\n\r\n.how-it-works h2{\r\n    color: #324A6D;\r\n    font-size: 24px;\r\n    margin-bottom: 15px;\r\n    font-family:'Roboto Condensed';\r\n}\r\n\r\n\r\n\r\n.how-card p,\r\n.how-card li {\r\n    font-size: 16px;\r\n    line-height: 1.6;\r\n   color: #324A6D;\r\n     font-family:'Roboto Condensed';\r\n     font-weight:300;\r\n}\r\n\r\n.how-card ul {\r\n    list-style: none;\r\n    padding: 0;\r\n    margin: 0;\r\n}\r\n\r\n.how-cta {\r\n    text-align: center;\r\n    margin-top: 50px;\r\n}\r\n\r\n.how-cta .btn {\r\n    display: inline-block;\r\n    padding: 14px 30px;\r\n    background: #ff7a00;\r\n    color: #fff;\r\n    text-decoration: none;\r\n    font-weight: 600;\r\n     font-family:'Roboto Condensed';\r\n} \r\n    \r\n .how-card h2{\r\n    color:#ff7a00; \r\n }   \r\n    \r\n<\/style>\r\n\r\n<!-- CHORWORKSHOP -->\r\n<section class=\"block how-it-works\">\r\n\r\n    <div class=\"section-title\">\r\n        <img decoding=\"async\" src=\"https:\/\/nextsolns.com\/wp-content\/uploads\/2026\/02\/0001_250705_IMG_0652-DxO_DeepPRIME-XD2s_4k_bearbeitet-scaled.jpg\" alt=\"\">\r\n        <h2>Chor- & Stimmworkshops<\/h2>\r\n        <p>Die eigene Stimme finden \u2013 gemeinsam Klang erzeugen<\/p>\r\n    <\/div>\r\n\r\n    <div class=\"how-grid\">\r\n\r\n        <!-- INTRO -->\r\n        <div class=\"how-card wide\">\r\n            \r\n            <p>\r\n                Die Stimme ist unser pers\u00f6nlichstes Instrument.\r\n                In diesen Workshops erleben Teilnehmende,\r\n                wie gemeinsames Singen Selbstvertrauen st\u00e4rkt,\r\n                Emotionen \u00f6ffnet und Gemeinschaft vertieft.\r\n            <\/p>\r\n        <\/div>\r\n\r\n        <!-- INHALTE -->\r\n        <div class=\"how-card\">\r\n            \r\n            <h3>INHALTE<\/h3>\r\n            <ul>\r\n                <li>K\u00f6rper- und Atemarbeit<\/li>\r\n                <li>Stimmentfaltung & Pr\u00e4senz<\/li>\r\n                <li>Mehrstimmiges Singen interkultureller Lieder<\/li>\r\n            <\/ul>\r\n        <\/div>\r\n\r\n        <!-- WIRKUNG -->\r\n        <div class=\"how-card\">\r\n            \r\n            <h3>Wirkung<\/h3>\r\n            <ul>\r\n                <li>Mehr stimmliches Selbstbewusstsein<\/li>\r\n                <li>Positive emotionale Gruppenerfahrung<\/li>\r\n                <li>St\u00e4rkung von Pr\u00e4senz und Ausdruck<\/li>\r\n            <\/ul>\r\n        <\/div>\r\n\r\n        <!-- FORMATE -->\r\n        <div class=\"how-card\">\r\n            \r\n            <h3>Formate<\/h3>\r\n            <ul>\r\n                <li>2\u20133 Stunden Impulsworkshops<\/li>\r\n                <li>Chortage & Intensivformate<\/li>\r\n                <li>Retreat- & Probenbegleitung<\/li>\r\n            <\/ul>\r\n        <\/div>\r\n\r\n        <!-- ZIELGRUPPEN -->\r\n        <div class=\"how-card\">\r\n            \r\n            <h3>Zielgruppen<\/h3>\r\n            <ul>\r\n                <li>Schulen \u00b7 Ch\u00f6re \u00b7 Kirchen \u00b7 Communities \u00b7 Stiftungen<\/li>\r\n            <\/ul>\r\n        <\/div>\r\n<div class=\"how-cta\">\r\n        <a href=\"https:\/\/dr-joseph-wasswa.com\/index.php\/workshop-und-seminarbuchung\/\" class=\"btn\">Chor- & Stimmworkshop buchen<\/a>\r\n    <\/div>\r\n    <\/div>\r\n\r\n    \r\n\r\n<\/section>\t\t\t\t<\/div>\n\t\t\t\t\t<\/div>\n\t\t\t\t<\/div>\n\t\t<div class=\"elementor-element elementor-element-19fcc23 e-flex e-con-boxed e-con e-parent\" data-id=\"19fcc23\" data-element_type=\"container\" data-e-type=\"container\">\n\t\t\t\t\t<div class=\"e-con-inner\">\n\t\t\t\t<div class=\"elementor-element elementor-element-f7b803c elementor-widget elementor-widget-spacer\" data-id=\"f7b803c\" data-element_type=\"widget\" data-e-type=\"widget\" data-widget_type=\"spacer.default\">\n\t\t\t\t\t\t\t<div class=\"elementor-spacer\">\n\t\t\t<div class=\"elementor-spacer-inner\"><\/div>\n\t\t<\/div>\n\t\t\t\t\t\t<\/div>\n\t\t\t\t\t<\/div>\n\t\t\t\t<\/div>\n\t\t\t\t<\/div>\n\t\t","protected":false},"excerpt":{"rendered":"<p>Chor- &#038; Stimmworkshops Die eigene Stimme finden \u2013 gemeinsam Klang erzeugen Die Stimme ist unser pers\u00f6nlichstes Instrument. In diesen Workshops erleben Teilnehmende, wie gemeinsames Singen Selbstvertrauen st\u00e4rkt, Emotionen \u00f6ffnet und Gemeinschaft vertieft. INHALTE K\u00f6rper- und Atemarbeit Stimmentfaltung &#038; Pr\u00e4senz Mehrstimmiges Singen interkultureller Lieder Wirkung Mehr stimmliches Selbstbewusstsein Positive emotionale Gruppenerfahrung St\u00e4rkung von Pr\u00e4senz und Ausdruck [&hellip;]<\/p>\n","protected":false},"author":1,"featured_media":0,"parent":0,"menu_order":0,"comment_status":"closed","ping_status":"closed","template":"","meta":{"footnotes":""},"class_list":["post-5856","page","type-page","status-publish","hentry"],"_links":{"self":[{"href":"https:\/\/dr-joseph-wasswa.com\/index.php\/wp-json\/wp\/v2\/pages\/5856","targetHints":{"allow":["GET"]}}],"collection":[{"href":"https:\/\/dr-joseph-wasswa.com\/index.php\/wp-json\/wp\/v2\/pages"}],"about":[{"href":"https:\/\/dr-joseph-wasswa.com\/index.php\/wp-json\/wp\/v2\/types\/page"}],"author":[{"embeddable":true,"href":"https:\/\/dr-joseph-wasswa.com\/index.php\/wp-json\/wp\/v2\/users\/1"}],"replies":[{"embeddable":true,"href":"https:\/\/dr-joseph-wasswa.com\/index.php\/wp-json\/wp\/v2\/comments?post=5856"}],"version-history":[{"count":0,"href":"https:\/\/dr-joseph-wasswa.com\/index.php\/wp-json\/wp\/v2\/pages\/5856\/revisions"}],"wp:attachment":[{"href":"https:\/\/dr-joseph-wasswa.com\/index.php\/wp-json\/wp\/v2\/media?parent=5856"}],"curies":[{"name":"wp","href":"https:\/\/api.w.org\/{rel}","templated":true}]}}