{"id":40,"date":"2026-02-04T13:46:10","date_gmt":"2026-02-04T13:46:10","guid":{"rendered":"https:\/\/nextsolns.com\/index.php\/about\/"},"modified":"2026-04-10T10:18:37","modified_gmt":"2026-04-10T10:18:37","slug":"about","status":"publish","type":"page","link":"https:\/\/dr-joseph-wasswa.com\/index.php\/about\/","title":{"rendered":"About"},"content":{"rendered":"\t\t<div data-elementor-type=\"wp-page\" data-elementor-id=\"40\" class=\"elementor elementor-40\" data-elementor-post-type=\"page\">\n\t\t\t\t<div class=\"elementor-element elementor-element-eb1a8a2 e-flex e-con-boxed e-con e-parent\" data-id=\"eb1a8a2\" data-element_type=\"container\" data-e-type=\"container\">\n\t\t\t\t\t<div class=\"e-con-inner\">\n\t\t\t\t<div class=\"elementor-element elementor-element-e00bb11 elementor-widget elementor-widget-html\" data-id=\"e00bb11\" data-element_type=\"widget\" data-e-type=\"widget\" data-widget_type=\"html.default\">\n\t\t\t\t\t<!DOCTYPE html>\r\n<html lang=\"en\">\r\n<head>\r\n<meta charset=\"UTF-8\">\r\n<meta name=\"viewport\" content=\"width=device-width, initial-scale=1.0\">\r\n<title>\u00dcBER MICH<\/title>\r\n\r\n<style>\r\n\r\n\r\n\/* MAIN WRAPPER *\/\r\n.about-wrapper{\r\n    max-width:1100px;\r\n    margin:60px auto;\r\n    background:#fff;\r\n    padding:50px;\r\n    display:flex;\r\n    gap:40px;\r\n    box-shadow:0 10px 30px rgba(0,0,0,0.1);\r\n    flex-direction:row-reverse;\r\n}\r\n\r\n\/* LEFT CONTENT *\/\r\n.about-content{\r\n    flex:1.6;\r\n    width:100%;\r\n    animation:fadeSlideRight 1s ease forwards;\r\n}\r\n\r\n.about-content h1{\r\n    font-size:36px;\r\n    margin-bottom:20px;\r\n    color:#324A6D;\r\n}\r\n\r\n.about-content p{\r\n    font-size:16px;\r\n    line-height:1.7;\r\n    color:#324A6D;\r\n    margin-bottom:16px;\r\n    font-weight:300;\r\n}\r\n\r\n\/* RIGHT IMAGE *\/\r\n.about-image{\r\n    flex:1;\r\n}\r\n\r\n.about-image img{\r\n    width:100%;\r\n    height:auto;\r\n    border-radius:3px;\r\n    animation:zoomFade 1.2s ease forwards;\r\n    transition:0.4s ease;\r\n}\r\n\r\n.about-image img:hover{\r\n    transform:scale(1.05);\r\n}\r\n\r\n\/* HERO SECTION *\/\r\n.hero{\r\n    margin-top:30px;\r\n    background:linear-gradient(to right,#eef3f9,#e3edf7);\r\n    padding:40px 30px;\r\n    border-radius:10px;\r\n}\r\n\r\n.hero-text{\r\n    animation:fadeSlideUp 1.2s ease forwards;\r\n}\r\n\r\n.hero-text h1{\r\n    font-size:32px;\r\n    font-weight:600;\r\n    color:#2d3748;\r\n    margin-bottom:20px;\r\n}\r\n\r\n.hero-text p{\r\n    color:#5a6a85;\r\n    font-size:16px;\r\n    line-height:1.6;\r\n    margin-bottom:25px;\r\n    font-weight:300;\r\n}\r\n\r\n.hero-buttons a{\r\n    text-decoration:none;\r\n    padding:12px 22px;\r\n    border-radius:6px;\r\n    font-weight:500;\r\n    font-size:14px;\r\n}\r\n\r\n.btn-primary{\r\n    background:#ff7a00;\r\n    color:#fff;\r\n}\r\n\r\n\/* IMAGE GRID *\/\r\n.hero-images{\r\n    margin-top:40px;\r\n    display:flex;\r\n    justify-content:center;\r\n}\r\n\r\n.circle-wrapper{\r\n    width:350px;\r\n    height:350px;\r\n    border-radius:50%;\r\n    overflow:hidden;\r\n    display:grid;\r\n    grid-template-columns:1fr 1fr;\r\n    grid-template-rows:1fr 1fr;\r\n    box-shadow:0 15px 40px rgba(0,0,0,0.15);\r\n    animation:fadeSlideUp 1.2s ease forwards;\r\n}\r\n\r\n.circle-wrapper img{\r\n    width:100%;\r\n    height:100%;\r\n    object-fit:cover;\r\n    transition:transform 0.4s ease;\r\n}\r\n\r\n.circle-wrapper img:hover{\r\n    transform:scale(1.08);\r\n}\r\n\r\n\/* ANIMATIONS *\/\r\n@keyframes fadeSlideUp{\r\n    from{\r\n        opacity:0;\r\n        transform:translateY(40px);\r\n    }\r\n    to{\r\n        opacity:1;\r\n        transform:translateY(0);\r\n    }\r\n}\r\n\r\n@keyframes fadeSlideRight{\r\n    from{\r\n        opacity:0;\r\n        transform:translateX(-40px);\r\n    }\r\n    to{\r\n        opacity:1;\r\n        transform:translateX(0);\r\n    }\r\n}\r\n\r\n@keyframes zoomFade{\r\n    from{\r\n        opacity:0;\r\n        transform:scale(0.9);\r\n    }\r\n    to{\r\n        opacity:1;\r\n        transform:scale(1);\r\n    }\r\n}\r\n\r\n\/* MOBILE RESPONSIVE *\/\r\n@media (max-width:900px){\r\n    .about-wrapper{\r\n        flex-direction:column-reverse; \/* IMAGE FIRST ON MOBILE *\/\r\n        padding:25px;\r\n    }\r\n\r\n    .about-image{\r\n        order:-1;\r\n        width:100%;\r\n    }\r\n\r\n    .about-content{\r\n        width:100%;\r\n    }\r\n\r\n    .circle-wrapper{\r\n        width:280px;\r\n        height:280px;\r\n    }\r\n\r\n    .hero-text h1{\r\n        font-size:26px;\r\n    }\r\n\r\n    .about-content h1{\r\n        font-size:28px;\r\n    }\r\n}\r\n<\/style>\r\n<\/head>\r\n<body data-rsssl=1>\r\n\r\n<div class=\"about-wrapper\">\r\n\r\n    <!-- LEFT CONTENT -->\r\n    <div class=\"about-content\">\r\n        <h1>\u00dcBER MICH<\/h1>\r\n\r\n        <p>\r\n            Dr. Joseph Wasswa ist \u00f6ffentlicher Intellektueller, interkultureller Berater, P\u00e4dagoge und Musiker mit Wirkungsfeldern in Europa und Ostafrika. Seine Arbeit verbindet wissenschaftliche Reflexion mit praktischer Umsetzung in den Bereichen Bildung, Kultur, Musik, Migration und internationale Zusammenarbeit.\r\n            <br><br>\r\n            Er promovierte zum Doktor der Philosophie (Dr. phil.) an der Universit\u00e4t Regensburg. In seiner Dissertation untersuchte er die Bedeutung von Musik und alltagskulturellen Praktiken f\u00fcr Identit\u00e4tsbildung, Zugeh\u00f6rigkeit und Integrationsprozesse afrikanischer Diaspora-Communities in Europa.\r\n            <br><br>\r\n            Neben seiner wissenschaftlichen T\u00e4tigkeit verf\u00fcgt Dr. Wasswa \u00fcber langj\u00e4hrige Erfahrung in der Erwachsenenbildung, interkulturellen Qualifizierung, Projektleitung und Entwicklungszusammenarbeit.\r\n            <br><br>\r\n            Seit 2014 ist er als Direktor der ugandischen IMLS NGO t\u00e4tig und tr\u00e4gt die strategische Gesamtverantwortung f\u00fcr Bildungs-, Kultur- und Entwicklungsprojekte.\r\n            <br><br>\r\n            Dar\u00fcber hinaus arbeitet Dr. Wasswa als Berater im Bereich Finanzielle Intelligenz und unterst\u00fctzt internationale Fachkr\u00e4fte sowie Organisationen bei strategischer Lebens- und Entscheidungsplanung.\r\n            <br><br>\r\n            Ein zentraler Bestandteil seiner Arbeit ist die Musik. Er ist Gr\u00fcnder der International School of Music, Languages and Polytechnic Studies (IMLS) in Uganda sowie Initiator des Himbisa Mukama \u2013 Euro-Afrikanischen Musik- und Kulturaustauschprojekts.\r\n        <\/p>\r\n\r\n        <!-- IMAGE GRID -->\r\n        <div class=\"hero-images\">\r\n            <div class=\"circle-wrapper\">\r\n                <img decoding=\"async\" src=\"https:\/\/nextsolns.com\/wp-content\/uploads\/2026\/02\/0024_250705_IMG_1166-DxO_DeepPRIME-XD2s_4k_bearbeitet-1-scaled.jpg\" alt=\"Image 1\">\r\n                <img decoding=\"async\" src=\"https:\/\/nextsolns.com\/wp-content\/uploads\/2026\/02\/3183_IMG_4203_klein.jpg\" alt=\"Image 2\">\r\n                <img decoding=\"async\" src=\"https:\/\/nextsolns.com\/wp-content\/uploads\/2026\/02\/0029_250705_IMG_1338-DxO_DeepPRIME-XD2s_4k_bearbeitet-1-scaled.jpg\" alt=\"Image 3\">\r\n                <img decoding=\"async\" src=\"https:\/\/nextsolns.com\/wp-content\/uploads\/2026\/02\/3902_IMG_5581_klein.jpg\" alt=\"Image 4\">\r\n            <\/div>\r\n        <\/div>\r\n    <\/div>\r\n\r\n    <!-- RIGHT IMAGE -->\r\n    <div class=\"about-image\">\r\n        <img decoding=\"async\" src=\"https:\/\/nextsolns.com\/wp-content\/uploads\/2026\/02\/photo.jpg\" alt=\"Dr. Joseph Wasswa\">\r\n\r\n        <!-- HERO SECTION -->\r\n        <section class=\"hero\">\r\n            <div class=\"hero-text\">\r\n                <h1>Motivation und Vision<\/h1>\r\n                <p>\r\n                    Die Arbeit von Dr. Wasswa ist von der \u00dcberzeugung gepr\u00e4gt, dass nachhaltiger Wandel dort entsteht, wo Bildung, Kultur und echte Begegnung zusammenkommen. Seine Vision ist es, Menschen und Organisationen zu bef\u00e4higen, mit Komplexit\u00e4t umzugehen, interkulturelle Handlungskompetenz zu entwickeln und tragf\u00e4hige Verbindungen \u00fcber kulturelle und gesellschaftliche Grenzen hinweg zu schaffen.\r\n                    Dabei verbindet er analytische Tiefe mit Praxisn\u00e4he und einem klaren gesellschaftlichen Verantwortungsbewusstsein.\r\n                <\/p>\r\n\r\n                <div class=\"hero-buttons\">\r\n                    <a href=\"#\" class=\"btn-primary\">Als PDF herunterladen<\/a>\r\n                <\/div>\r\n            <\/div>\r\n        <\/section>\r\n    <\/div>\r\n\r\n<\/div>\r\n\r\n<\/body>\r\n<\/html>\t\t\t\t<\/div>\n\t\t\t\t\t<\/div>\n\t\t\t\t<\/div>\n\t\t<div class=\"elementor-element elementor-element-5ae3535 e-flex e-con-boxed e-con e-parent\" data-id=\"5ae3535\" data-element_type=\"container\" data-e-type=\"container\">\n\t\t\t\t\t<div class=\"e-con-inner\">\n\t\t\t\t<div class=\"elementor-element elementor-element-aaf0271 elementor-widget elementor-widget-spacer\" data-id=\"aaf0271\" data-element_type=\"widget\" data-e-type=\"widget\" data-widget_type=\"spacer.default\">\n\t\t\t\t\t\t\t<div class=\"elementor-spacer\">\n\t\t\t<div class=\"elementor-spacer-inner\"><\/div>\n\t\t<\/div>\n\t\t\t\t\t\t<\/div>\n\t\t\t\t\t<\/div>\n\t\t\t\t<\/div>\n\t\t\t\t<\/div>\n\t\t","protected":false},"excerpt":{"rendered":"<p>\u00dcBER MICH \u00dcBER MICH Dr. Joseph Wasswa ist \u00f6ffentlicher Intellektueller, interkultureller Berater, P\u00e4dagoge und Musiker mit Wirkungsfeldern in Europa und Ostafrika. Seine Arbeit verbindet wissenschaftliche Reflexion mit praktischer Umsetzung in den Bereichen Bildung, Kultur, Musik, Migration und internationale Zusammenarbeit. Er promovierte zum Doktor der Philosophie (Dr. phil.) an der Universit\u00e4t Regensburg. In seiner Dissertation untersuchte [&hellip;]<\/p>\n","protected":false},"author":1,"featured_media":0,"parent":0,"menu_order":0,"comment_status":"closed","ping_status":"closed","template":"elementor_header_footer","meta":{"footnotes":""},"class_list":["post-40","page","type-page","status-publish","hentry"],"_links":{"self":[{"href":"https:\/\/dr-joseph-wasswa.com\/index.php\/wp-json\/wp\/v2\/pages\/40","targetHints":{"allow":["GET"]}}],"collection":[{"href":"https:\/\/dr-joseph-wasswa.com\/index.php\/wp-json\/wp\/v2\/pages"}],"about":[{"href":"https:\/\/dr-joseph-wasswa.com\/index.php\/wp-json\/wp\/v2\/types\/page"}],"author":[{"embeddable":true,"href":"https:\/\/dr-joseph-wasswa.com\/index.php\/wp-json\/wp\/v2\/users\/1"}],"replies":[{"embeddable":true,"href":"https:\/\/dr-joseph-wasswa.com\/index.php\/wp-json\/wp\/v2\/comments?post=40"}],"version-history":[{"count":21,"href":"https:\/\/dr-joseph-wasswa.com\/index.php\/wp-json\/wp\/v2\/pages\/40\/revisions"}],"predecessor-version":[{"id":8460,"href":"https:\/\/dr-joseph-wasswa.com\/index.php\/wp-json\/wp\/v2\/pages\/40\/revisions\/8460"}],"wp:attachment":[{"href":"https:\/\/dr-joseph-wasswa.com\/index.php\/wp-json\/wp\/v2\/media?parent=40"}],"curies":[{"name":"wp","href":"https:\/\/api.w.org\/{rel}","templated":true}]}}