{"id":2,"date":"2026-02-04T10:35:36","date_gmt":"2026-02-04T10:35:36","guid":{"rendered":"https:\/\/nextsolns.com\/?page_id=2"},"modified":"2026-02-20T13:59:02","modified_gmt":"2026-02-20T13:59:02","slug":"sample-page","status":"publish","type":"page","link":"https:\/\/dr-joseph-wasswa.com\/index.php\/sample-page\/","title":{"rendered":"Auszeichnungen"},"content":{"rendered":"\t\t<div data-elementor-type=\"wp-page\" data-elementor-id=\"2\" class=\"elementor elementor-2\" data-elementor-post-type=\"page\">\n\t\t\t\t<div class=\"elementor-element elementor-element-4adb365 e-flex e-con-boxed e-con e-parent\" data-id=\"4adb365\" data-element_type=\"container\" data-e-type=\"container\">\n\t\t\t\t\t<div class=\"e-con-inner\">\n\t\t\t\t<div class=\"elementor-element elementor-element-bb77344 elementor-widget elementor-widget-spacer\" data-id=\"bb77344\" data-element_type=\"widget\" data-e-type=\"widget\" data-widget_type=\"spacer.default\">\n\t\t\t\t\t\t\t<div class=\"elementor-spacer\">\n\t\t\t<div class=\"elementor-spacer-inner\"><\/div>\n\t\t<\/div>\n\t\t\t\t\t\t<\/div>\n\t\t\t\t\t<\/div>\n\t\t\t\t<\/div>\n\t\t<div class=\"elementor-element elementor-element-9b70da0 e-flex e-con-boxed e-con e-parent\" data-id=\"9b70da0\" data-element_type=\"container\" data-e-type=\"container\">\n\t\t\t\t\t<div class=\"e-con-inner\">\n\t\t\t\t<div class=\"elementor-element elementor-element-cd96228 elementor-widget elementor-widget-html\" data-id=\"cd96228\" data-element_type=\"widget\" data-e-type=\"widget\" data-widget_type=\"html.default\">\n\t\t\t\t\t<!DOCTYPE html>\r\n<html lang=\"en\">\r\n<head>\r\n<meta charset=\"UTF-8\">\r\n<meta name=\"viewport\" content=\"width=device-width, initial-scale=1.0\">\r\n<title>\u00dcBER MICH<\/title>\r\n\r\n<style>\r\n\r\n\r\n.about-wrapper {\r\n    max-width: 1100px;\r\n    margin: 60px auto;\r\n    background: #fff;\r\n    padding: 50px;\r\n    display: flex;\r\n    gap: 40px;\r\n    box-shadow: 0 10px 30px rgba(0,0,0,0.1);\r\n\r\n    flex-direction: row-reverse; \/* \u2190 ADD THIS LINE *\/\r\n}\r\n\r\n\/* LEFT CONTENT *\/\r\n.about-content {\r\n    flex: 1.6;\r\n      width: 100%;\r\n}\r\n\r\n.about-content h1 {\r\n    font-size: 36px;\r\n    margin-bottom: 20px;\r\n    font-family: 'Roboto Condensed';\r\n    color: #324A6D;\r\n  \r\n}\r\n.about-content h3 {\r\n    font-size: 24px;\r\n    margin-bottom: 20px;\r\n    font-family: 'Roboto Condensed';\r\n    color: #DB5503;\r\n  \r\n}\r\n\r\n.about-content p {\r\n    font-size: 16px;\r\n    line-height: 1.7;\r\n   color: #324A6D;\r\n    margin-bottom: 16px;\r\n    font-family: 'Roboto Condensed';\r\n    font-weight: 300;\r\n}\r\n\r\n\r\n\r\n\/* FEATURES *\/\r\n.features {\r\n    display: flex;\r\n    gap: 30px;\r\n    margin-top: 40px;\r\n}\r\n\r\n.feature {\r\n    text-align: justify-content;\r\n    flex: 1;\r\n}\r\n\r\n.feature-icon {\r\n    width: 55px;\r\n    height: 55px;\r\n    background: #eaeaea;\r\n    border-radius: 50%;\r\n    display: flex;\r\n    align-items: center;\r\n    justify-content: center;\r\n    font-size: 22px;\r\n}\r\n\r\n.feature h3 {\r\nfont-size: 24px;\r\nletter-spacing: 1px;\r\nmargin-bottom: 10px;\r\nfont-size: 16px;\r\nfont-family: 'Roboto Condensed';\r\n    font-weight: 700;\r\n    color: #324A6D;\r\n}\r\n\r\n\r\n.feature p {\r\n    font-size: 18px;\r\n    font-family: 'Roboto Condensed';\r\n    font-weight: 300;\r\n    color: #324A6D;\r\n}\r\n\r\n\/* RIGHT IMAGE *\/\r\n.about-image {\r\n    flex: 1;\r\n}\r\n\r\n.about-image img {\r\n    width: 100%;\r\n    height: auto;\r\n    border-radius: 3px;\r\n}\r\n\r\n\/* RESPONSIVE *\/\r\n@media (max-width: 900px) {\r\n    .about-wrapper {\r\n        flex-direction: column;\r\n    }\r\n\r\n    .features {\r\n        flex-direction: column;\r\n    }\r\n}\r\n<\/style>\r\n<\/head>\r\n\r\n<body data-rsssl=1>\r\n\r\n<div class=\"about-wrapper\">\r\n\r\n    <!-- LEFT -->\r\n    <div class=\"about-content\">\r\n        <h1>Auszeichnungen<\/h1>\r\n<h3>Akademische Auszeichnungen<\/h3>\r\n   <p>\r\nAkademische Spitzenleistung \u2013 Makerere University, Kampala (Uganda)\r\nW\u00e4hrend seines Studiums an der renommierten Makerere University erzielte Joseph Wasswa\r\nherausragende akademische Leistungen.\r\n\r\nEr wurde:\r\nals bester Student seiner Fakult\u00e4t ausgezeichnet und\r\nerreichte universit\u00e4tsweit den 2. Platz unter allen Studierenden seines Jahrgangs.\r\nSein Studium schloss er mit der Gesamtnote \u201esehr gut\u201c ab. Diese Auszeichnung\r\ndokumentiert seine au\u00dfergew\u00f6hnliche Leistungsf\u00e4higkeit, Disziplin und sein fr\u00fches\r\nakademisches Profil auf nationaler Ebene.\r\n   <\/p>    \r\n\r\n    \r\n    <\/div>\r\n\r\n    <!-- RIGHT -->\r\n    <div class=\"about-image\">\r\n        <img decoding=\"async\" src=\"https:\/\/nextsolns.com\/wp-content\/uploads\/2026\/02\/0340_IMG_4254_klein.jpg\" alt=\"Auszeichnungen\">\r\n\r\n    \r\n<!-- New css for new section -->\r\n\r\n<style>\r\n\/* HERO SECTION *\/\r\n.hero{\r\n    background: linear-gradient(to right, #eef3f9, #e3edf7);\r\n    padding:60px 8%;\r\n}\r\n\r\n.hero-container{\r\n    display:flex;\r\n    align-items:center;\r\n    justify-content:space-between;\r\n    flex-wrap:wrap;\r\n}\r\n\r\n\r\n\r\n\r\n\r\n\/* CARDS SECTION *\/\r\n\r\n\r\n\r\n\r\n\r\n\r\n\r\n\r\n\r\n}\r\n<\/style>\r\n<\/div>\r\n\r\n<\/div>\r\n\r\n<\/body>\r\n<\/html>\t\t\t\t<\/div>\n\t\t\t\t\t<\/div>\n\t\t\t\t<\/div>\n\t\t<div class=\"elementor-element elementor-element-b6b42ef e-flex e-con-boxed e-con e-parent\" data-id=\"b6b42ef\" data-element_type=\"container\" data-e-type=\"container\">\n\t\t\t\t\t<div class=\"e-con-inner\">\n\t\t\t\t<div class=\"elementor-element elementor-element-2ccdffc elementor-widget elementor-widget-html\" data-id=\"2ccdffc\" data-element_type=\"widget\" data-e-type=\"widget\" data-widget_type=\"html.default\">\n\t\t\t\t\t<!DOCTYPE html>\r\n<html lang=\"en\">\r\n<head>\r\n<meta charset=\"UTF-8\">\r\n<meta name=\"viewport\" content=\"width=device-width, initial-scale=1.0\">\r\n<title>Services Section<\/title>\r\n\r\n<!-- Font Awesome for Icons -->\r\n<link rel=\"stylesheet\" href=\"https:\/\/cdnjs.cloudflare.com\/ajax\/libs\/font-awesome\/6.5.0\/css\/all.min.css\">\r\n\r\n<style>\r\n\r\n\r\n\r\n\/* Section background *\/\r\n.services-section{\r\n     background:linear-gradient(to right, #eef3f9, #e3edf7);\/* blue background *\/\r\n    padding:60px 40px;\r\n}\r\n\r\n\/* Grid layout *\/\r\n.services-container{\r\n    display:grid;\r\n    grid-template-columns:repeat(3, 1fr); \/* 3 cards per row *\/\r\n    gap:30px; \/* slightly more spacing *\/\r\n    max-width:1400px; \/* wider container *\/\r\n    margin:0 auto;\r\n}\r\n\r\n\r\n\/* Card *\/\r\n.service-card{\r\n    background:white;\r\n    padding:30px 25px;\r\n    transition:0.3s ease;\r\n}\r\n\r\n.service-card:hover{\r\n    transform:translateY(-5px);\r\n}\r\n\r\n\/* Icon circle *\/\r\n.icon-circle{\r\n    width:60px;\r\n    height:60px;\r\n     background:linear-gradient(to right, #eef3f9, #e3edf7);\r\n    border-radius:50%;\r\n    display:flex;\r\n    align-items:center;\r\n    justify-content:center;\r\n    margin-bottom:20px;\r\n}\r\n\r\n.icon-circle i{\r\n    font-size:22px;\r\n    color:#000;\r\n}\r\n\r\n\/* Title *\/\r\n.service-card h3{\r\n    margin:0 0 15px;\r\n    font-size:18px;\r\n    font-weight:bold;\r\n    font-family: 'roboto condensed';\r\n    color: #DB5503;\r\n    font-weight:300;\r\n}\r\n\r\n\/* Paragraph *\/\r\n.service-card p{\r\n    font-size:16px;\r\n    color:#555;\r\n    line-height:1.6;\r\n    font-family: 'roboto condensed';\r\n    color: #324A6D;\r\n    font-weight: 300;\r\n}\r\n\r\n\/* More link *\/\r\n.service-card a{\r\n    display:inline-block;\r\n    margin-top:15px;\r\n    font-size:12px;\r\n    font-weight:bold;\r\n    text-decoration:none;\r\n    color:#000;\r\n}\r\n\r\n.service-card a:hover{\r\n    text-decoration:underline;\r\n}\r\n\r\n\/* Responsive *\/\r\n@media(max-width:992px){\r\n    .services-container{\r\n        grid-template-columns:repeat(2, 1fr);\r\n    }\r\n}\r\n\r\n@media(max-width:600px){\r\n    .services-container{\r\n        grid-template-columns:1fr;\r\n    }\r\n}\r\n\r\n<\/style>\r\n<\/head>\r\n\r\n<body data-rsssl=1>\r\n\r\n<section class=\"services-section\">\r\n<div class=\"services-container\">\r\n\r\n<div class=\"service-card\">\r\n    <div class=\"icon-circle\"><i class=\"fas fa-trophy\"><\/i>\r\n<\/div>\r\n    <h3>Stipendien als Auszeichnungen<\/h3>\r\n    <p>Promotionsstipendium der Hanns-Seidel-Stiftung (Deutschland)\r\nDr. Joseph Wasswa wurde als Promotionsstipendiat der Hanns-Seidel-\r\nStiftung\u00a0aufgenommen, einem der renommierten politischen Begabtenf\u00f6rderungswerke in\r\nDeutschland.\r\nDas Stipendium wird in einem mehrstufigen Auswahlverfahren an Pers\u00f6nlichkeiten vergeben,\r\ndie sich durch:\r\n<br>wissenschaftliche Exzellenz, <br>\r\n\r\ngesellschaftliches Engagement und\r\nWerteorientierung\r\nauszeichnen.\r\nDie F\u00f6rderung w\u00fcrdigte seine Forschungsarbeit im Bereich der\u00a0vergleichenden\r\nKulturwissenschaften\u00a0sowie sein langj\u00e4hriges Engagement in Bildung, Musik und\r\ninternationaler Zusammenarbeit.\r\n<\/p>\r\n<\/div>\r\n\r\n<div class=\"service-card\">\r\n    <div class=\"icon-circle\"><i class=\"fas fa-medal\"><\/i>\r\n<\/div>\r\n    \r\n    <h3><strong>Kulturelle & gesellschaftliche Auszeichnungen<br>\r\n\r\nIntegrationspreis der Universit\u00e4t Regensburg \u2013 \u201eMenschen mit Hintergrund\u201c (2016)<\/strong><\/h3>\r\n\r\n    <p>Im Jahr 2016 erhielt Joseph Wasswa den bundesweit ausgeschriebenen Preis\u00a0\u201eMenschen mit\r\nHintergrund\u201c\u00a0der Universit\u00e4t Regensburg.\r\nDie Auszeichnung w\u00fcrdigt Menschen mit Migrationsgeschichte, die sich in besonderer Weise\r\nf\u00fcr\u00a0interkulturelle Verst\u00e4ndigung, Integration und gesellschaftlichen\r\nZusammenhalt\u00a0einsetzen.\r\nDer Preis z\u00e4hlt zu den wichtigsten Anerkennungen f\u00fcr interkulturelles Engagement im\r\nuniversit\u00e4ren Kontext.<\/p>\r\n\r\n<\/div>\r\n\r\n<div class=\"service-card\">\r\n    <div class=\"icon-circle\"><i class=\"fas fa-star\"><\/i>\r\n<\/div>\r\n    <h3><strong>Kulturf\u00f6rderpreis der Stadt Regensburg (2016)<\/strong><\/h3>\r\n    \r\n    <p>Excepteur sint occaecat cupidatat non proident, sunt in culpa qui officia deserunt\r\n    <br><br>Ebenfalls 2016 wurde Dr. Joseph Wasswa mit dem Kulturf\u00f6rderpreis der Stadt\r\nRegensburg\u00a0ausgezeichnet.\r\nDie Stadt w\u00fcrdigte damit sein vielf\u00e4ltiges kulturelles Wirken, insbesondere seine Arbeit als\r\nMusiker, Chorleiter und Initiator interkultureller Musik- und Bildungsprojekte, darunter das\r\neuro-afrikanische Chorprojekt\u00a0 Himbisa Mukama.\r\n    <\/p>\r\n   \r\n<\/div>\r\n\r\n<div class=\"service-card\">\r\n    <div class=\"icon-circle\"><i class=\"fas fa-award\"><\/i><\/div>\r\n    <h3><strong>Musikalische Auszeichnungen (Ostafrika) <br><br>\r\n\r\nNationaler Kompositionspreis \u2013 Ostafrika (2005)<\/strong><\/h3>\r\n    <p>Bereits als junger Musiker wurde Joseph Wasswa auf ostafrikanischer Ebene ausgezeichnet.\u00a0\r\nIm Rahmen eines regionalen Wettbewerbs zur musikalischen Gestaltung nationaler Identit\u00e4t:\r\n\r\nbelegte er den 1. Platz auf nationaler Ebene und erhielt zus\u00e4tzlich ein Verdienstzertifikat der East African Community (EAC) f\u00fcr\r\neine der besten Kompositionen.<br>\r\n\r\nDiese fr\u00fche Auszeichnung markiert den Beginn seines k\u00fcnstlerischen und kulturellen\r\nWirkens.<\/p>\r\n  \r\n<\/div>\r\n\r\n<div class=\"service-card\">\r\n    <div class=\"icon-circle\"><i class=\"fas fa-music\"><\/i><\/div>\r\n    <h3><strong>Ehrenamtliche Anerkennung<br><br>\r\n\r\nEhrenurkunde f\u00fcr langj\u00e4hriges Engagement (2024)<\/strong><\/h3>\r\n    <p>Im Jahr 2024 wurde Dr. Joseph Wasswa f\u00fcr\u00a0\u00fcber zehn Jahre herausragendes\r\nehrenamtliches Engagement im F\u00f6rderverein f\u00fcr Musik und Kultur Uganda e. V. geehrt.<br>\r\nDie Auszeichnung w\u00fcrdigt seinen kontinuierlichen Einsatz f\u00fcr kulturelle Bildungsarbeit,\r\ninternationale Austauschprojekte und nachhaltige Partnerschaften zwischen Europa und\r\nOstafrika.<\/p>\r\n   \r\n<\/div>\r\n\r\n<div class=\"service-card\">\r\n    <div class=\"icon-circle\"><i class=\"fas fa-briefcase\"><\/i><\/div>\r\n    <h3><strong>Zusammenfassende Bedeutung<\/strong><\/h3>\r\n    <p>Diese Auszeichnungen und Stipendien stehen exemplarisch f\u00fcr:<br>\r\n\r\nakademische Exzellenz auf internationalem Niveauk\u00fcnstlerische Kreativit\u00e4t und kulturelle Br\u00fcckenarbeit\r\n\r\nnachhaltiges gesellschaftliches Engagement\r\n\r\nF\u00fchrungskompetenz und interkulturelle Verantwortung<br>\r\n\r\nSie unterstreichen den ganzheitlichen Ansatz von Dr. Joseph Wasswa, der\u00a0Wissenschaft,\r\nKultur, Bildung und gesellschaftliche Wirkung\u00a0miteinander verbindet.<\/p>\r\n   \r\n<\/div>\r\n\r\n<\/div>\r\n<\/section>\r\n\r\n<\/body>\r\n<\/html>\r\n\t\t\t\t<\/div>\n\t\t\t\t\t<\/div>\n\t\t\t\t<\/div>\n\t\t<div class=\"elementor-element elementor-element-7a74289 e-flex e-con-boxed e-con e-parent\" data-id=\"7a74289\" data-element_type=\"container\" data-e-type=\"container\">\n\t\t\t\t\t<div class=\"e-con-inner\">\n\t\t\t\t<div class=\"elementor-element elementor-element-f540019 elementor-widget elementor-widget-spacer\" data-id=\"f540019\" data-element_type=\"widget\" data-e-type=\"widget\" data-widget_type=\"spacer.default\">\n\t\t\t\t\t\t\t<div class=\"elementor-spacer\">\n\t\t\t<div class=\"elementor-spacer-inner\"><\/div>\n\t\t<\/div>\n\t\t\t\t\t\t<\/div>\n\t\t\t\t\t<\/div>\n\t\t\t\t<\/div>\n\t\t\t\t<\/div>\n\t\t","protected":false},"excerpt":{"rendered":"<p>\u00dcBER MICH Auszeichnungen Akademische Auszeichnungen Akademische Spitzenleistung \u2013 Makerere University, Kampala (Uganda) W\u00e4hrend seines Studiums an der renommierten Makerere University erzielte Joseph Wasswa herausragende akademische Leistungen. Er wurde: als bester Student seiner Fakult\u00e4t ausgezeichnet und erreichte universit\u00e4tsweit den 2. Platz unter allen Studierenden seines Jahrgangs. Sein Studium schloss er mit der Gesamtnote \u201esehr gut\u201c ab. [&hellip;]<\/p>\n","protected":false},"author":1,"featured_media":0,"parent":0,"menu_order":0,"comment_status":"closed","ping_status":"open","template":"","meta":{"footnotes":""},"class_list":["post-2","page","type-page","status-publish","hentry"],"_links":{"self":[{"href":"https:\/\/dr-joseph-wasswa.com\/index.php\/wp-json\/wp\/v2\/pages\/2","targetHints":{"allow":["GET"]}}],"collection":[{"href":"https:\/\/dr-joseph-wasswa.com\/index.php\/wp-json\/wp\/v2\/pages"}],"about":[{"href":"https:\/\/dr-joseph-wasswa.com\/index.php\/wp-json\/wp\/v2\/types\/page"}],"author":[{"embeddable":true,"href":"https:\/\/dr-joseph-wasswa.com\/index.php\/wp-json\/wp\/v2\/users\/1"}],"replies":[{"embeddable":true,"href":"https:\/\/dr-joseph-wasswa.com\/index.php\/wp-json\/wp\/v2\/comments?post=2"}],"version-history":[{"count":0,"href":"https:\/\/dr-joseph-wasswa.com\/index.php\/wp-json\/wp\/v2\/pages\/2\/revisions"}],"wp:attachment":[{"href":"https:\/\/dr-joseph-wasswa.com\/index.php\/wp-json\/wp\/v2\/media?parent=2"}],"curies":[{"name":"wp","href":"https:\/\/api.w.org\/{rel}","templated":true}]}}